{"id":1013,"date":"2024-01-14T13:31:34","date_gmt":"2024-01-14T13:31:34","guid":{"rendered":"https:\/\/adrienne-d-art.apache28.websrv.be\/heures-d-ouverture\/"},"modified":"2026-03-16T09:15:24","modified_gmt":"2026-03-16T09:15:24","slug":"heures-d-ouverture","status":"publish","type":"page","link":"https:\/\/adrienne-d.art\/fr\/heures-d-ouverture\/","title":{"rendered":"Heures d &lsquo;ouverture"},"content":{"rendered":"\n<div class=\"wp-block-group alignwide has-global-padding is-content-justification-left is-layout-constrained wp-container-core-group-is-layout-12dd3699 wp-block-group-is-layout-constrained\">\n<p><\/p>\n\n\n\n<h3 class=\"wp-block-heading\">Marke <\/h3>\n\n\n\n<div class=\"wp-block-columns alignwide is-layout-flex wp-container-core-columns-is-layout-28f84493 wp-block-columns-is-layout-flex\">\n<div class=\"wp-block-column is-layout-flow wp-block-column-is-layout-flow\" style=\"flex-basis:33.33%\">\n<figure class=\"wp-block-image size-full\"><img loading=\"lazy\" decoding=\"async\" width=\"412\" height=\"480\" src=\"https:\/\/adrienne-d-art.apache28.websrv.be\/wp-content\/uploads\/2024\/01\/20200530_180802-Klein-1.jpeg\" alt=\"\" class=\"wp-image-1005\" srcset=\"https:\/\/adrienne-d.art\/wp-content\/uploads\/2024\/01\/20200530_180802-Klein-1.jpeg 412w, https:\/\/adrienne-d.art\/wp-content\/uploads\/2024\/01\/20200530_180802-Klein-1-300x350.jpeg 300w, https:\/\/adrienne-d.art\/wp-content\/uploads\/2024\/01\/20200530_180802-Klein-1-258x300.jpeg 258w\" sizes=\"auto, (max-width: 412px) 100vw, 412px\" \/><\/figure>\n<\/div>\n\n\n\n<div class=\"wp-block-column has-base-background-color has-background is-layout-flow wp-block-column-is-layout-flow\" style=\"padding-top:var(--wp--preset--spacing--30);padding-right:var(--wp--preset--spacing--30);padding-bottom:var(--wp--preset--spacing--30);padding-left:var(--wp--preset--spacing--30);flex-basis:66.66%\">\n<p>La galerie d&rsquo;art permanente est situ\u00e9e <strong>Rekkemsestraat 145 \u00e0 8510 Marke (Courtrai).<\/strong><br><br><strong>L\u00e0 o\u00f9 la nature touche le Nord <\/strong>&#8211; du 18\/4 au 25\/5\/2026 <br><br><em>Visite libre : <\/em><br>samedi de 14h \u00e0 18h et dimanche de 10h \u00e0 18h<br>Jours d&rsquo;ouverture suppl\u00e9mentaires: vendredi 1\/5, vendredi 8\/5, jeudi 14\/5, vendredi 15\/5, lundi 25\/5 &#8211; de 14h \u00e0 18h<br><br><em>Visite en dehors de ces horaires ou en groupe? <\/em>Sur rendez-vous<br>Chantal Buyse +32 (0) 471 20 56 26 &#8211; chantal@adrienne-d.art<\/p>\n\n\n\n<p><a href=\"https:\/\/adrienne-d-art.apache28.websrv.be\/fr\/contact\/\" data-type=\"page\" data-id=\"41\">Contactez-nous pour un rendez-vous<\/a><\/p>\n<\/div>\n<\/div>\n<\/div>\n\n\n\n<div class=\"wp-block-group alignwide has-global-padding is-content-justification-left is-layout-constrained wp-container-core-group-is-layout-12dd3699 wp-block-group-is-layout-constrained\">\n<h3 class=\"wp-block-heading\">Ypres<\/h3>\n\n\n\n<div class=\"wp-block-columns alignwide is-layout-flex wp-container-core-columns-is-layout-28f84493 wp-block-columns-is-layout-flex\">\n<div class=\"wp-block-column is-layout-flow wp-block-column-is-layout-flow\" style=\"flex-basis:33.33%\">\n<figure class=\"wp-block-image size-large\"><img loading=\"lazy\" decoding=\"async\" width=\"819\" height=\"1024\" src=\"https:\/\/adrienne-d-art.apache28.websrv.be\/wp-content\/uploads\/2024\/01\/405004355_378649664514898_1998071884622622632_n-819x1024.jpeg\" alt=\"\" class=\"wp-image-991\" srcset=\"https:\/\/adrienne-d.art\/wp-content\/uploads\/2024\/01\/405004355_378649664514898_1998071884622622632_n-819x1024.jpeg 819w, https:\/\/adrienne-d.art\/wp-content\/uploads\/2024\/01\/405004355_378649664514898_1998071884622622632_n-300x375.jpeg 300w, https:\/\/adrienne-d.art\/wp-content\/uploads\/2024\/01\/405004355_378649664514898_1998071884622622632_n-600x750.jpeg 600w, https:\/\/adrienne-d.art\/wp-content\/uploads\/2024\/01\/405004355_378649664514898_1998071884622622632_n-240x300.jpeg 240w, https:\/\/adrienne-d.art\/wp-content\/uploads\/2024\/01\/405004355_378649664514898_1998071884622622632_n-768x960.jpeg 768w, https:\/\/adrienne-d.art\/wp-content\/uploads\/2024\/01\/405004355_378649664514898_1998071884622622632_n.jpeg 1080w\" sizes=\"auto, (max-width: 819px) 100vw, 819px\" \/><\/figure>\n<\/div>\n\n\n\n<div class=\"wp-block-column has-base-background-color has-background is-layout-flow wp-block-column-is-layout-flow\" style=\"padding-top:var(--wp--preset--spacing--30);padding-right:var(--wp--preset--spacing--30);padding-bottom:var(--wp--preset--spacing--30);padding-left:var(--wp--preset--spacing--30);flex-basis:66.66%\">\n<p>Nous exposons \u00e9galement nos \u0153uvres dans l&rsquo;ancienne bijouterie Buyse \u00e0 <strong>8900 Ypres, Grote Markt 13 <\/strong>.  <\/p>\n<\/div>\n<\/div>\n<\/div>\n","protected":false},"excerpt":{"rendered":"<p>Marke La galerie d&rsquo;art permanente est situ\u00e9e Rekkemsestraat 145 \u00e0 8510 Marke (Courtrai). L\u00e0 o\u00f9 la nature touche le Nord &#8211; du 18\/4 au 25\/5\/2026 Visite libre : samedi de 14h \u00e0 18h et dimanche de 10h \u00e0 18hJours d&rsquo;ouverture suppl\u00e9mentaires: vendredi 1\/5, vendredi 8\/5, jeudi 14\/5, vendredi 15\/5, lundi 25\/5 &#8211; de 14h \u00e0 [&hellip;]<\/p>\n","protected":false},"author":1,"featured_media":0,"parent":0,"menu_order":0,"comment_status":"closed","ping_status":"closed","template":"","meta":{"_acf_changed":false,"footnotes":""},"class_list":["post-1013","page","type-page","status-publish","hentry"],"acf":[],"_links":{"self":[{"href":"https:\/\/adrienne-d.art\/fr\/wp-json\/wp\/v2\/pages\/1013","targetHints":{"allow":["GET"]}}],"collection":[{"href":"https:\/\/adrienne-d.art\/fr\/wp-json\/wp\/v2\/pages"}],"about":[{"href":"https:\/\/adrienne-d.art\/fr\/wp-json\/wp\/v2\/types\/page"}],"author":[{"embeddable":true,"href":"https:\/\/adrienne-d.art\/fr\/wp-json\/wp\/v2\/users\/1"}],"replies":[{"embeddable":true,"href":"https:\/\/adrienne-d.art\/fr\/wp-json\/wp\/v2\/comments?post=1013"}],"version-history":[{"count":5,"href":"https:\/\/adrienne-d.art\/fr\/wp-json\/wp\/v2\/pages\/1013\/revisions"}],"predecessor-version":[{"id":5647,"href":"https:\/\/adrienne-d.art\/fr\/wp-json\/wp\/v2\/pages\/1013\/revisions\/5647"}],"wp:attachment":[{"href":"https:\/\/adrienne-d.art\/fr\/wp-json\/wp\/v2\/media?parent=1013"}],"curies":[{"name":"wp","href":"https:\/\/api.w.org\/{rel}","templated":true}]}}