{"id":2357,"date":"2024-01-23T20:04:26","date_gmt":"2024-01-23T20:04:26","guid":{"rendered":"https:\/\/adrienne-d-art.apache28.websrv.be\/expositions\/"},"modified":"2025-09-29T18:46:28","modified_gmt":"2025-09-29T18:46:28","slug":"expositions","status":"publish","type":"page","link":"https:\/\/adrienne-d.art\/fr\/expositions\/","title":{"rendered":"Expositions"},"content":{"rendered":"\n<div class=\"wp-block-query alignwide is-layout-flow wp-block-query-is-layout-flow\"><ul class=\"wp-block-post-template is-layout-flow wp-block-post-template-is-layout-flow\"><li class=\"wp-block-post post-5611 event type-event status-publish has-post-thumbnail hentry\">\n\n<div class=\"wp-block-group has-base-background-color has-background is-layout-flow wp-block-group-is-layout-flow\">\n<div class=\"wp-block-columns is-layout-flex wp-container-core-columns-is-layout-28f84493 wp-block-columns-is-layout-flex\">\n<div class=\"wp-block-column is-layout-flow wp-block-column-is-layout-flow\"><figure class=\"wp-block-post-featured-image\"><a href=\"https:\/\/adrienne-d.art\/fr\/event\/la-ou-la-nature-touche-le-nord\/\" target=\"_self\"  ><img loading=\"lazy\" decoding=\"async\" width=\"1384\" height=\"449\" src=\"https:\/\/adrienne-d.art\/wp-content\/uploads\/2026\/03\/banner-expo-12.jpg\" class=\"attachment-post-thumbnail size-post-thumbnail wp-post-image\" alt=\"L\u00e0 o\u00f9 la nature touche le Nord\" style=\"object-fit:cover;\" srcset=\"https:\/\/adrienne-d.art\/wp-content\/uploads\/2026\/03\/banner-expo-12.jpg 1384w, https:\/\/adrienne-d.art\/wp-content\/uploads\/2026\/03\/banner-expo-12-300x97.jpg 300w, https:\/\/adrienne-d.art\/wp-content\/uploads\/2026\/03\/banner-expo-12-1024x332.jpg 1024w, https:\/\/adrienne-d.art\/wp-content\/uploads\/2026\/03\/banner-expo-12-768x249.jpg 768w, https:\/\/adrienne-d.art\/wp-content\/uploads\/2026\/03\/banner-expo-12-600x195.jpg 600w\" sizes=\"auto, (max-width: 1384px) 100vw, 1384px\" \/><\/a><\/figure><\/div>\n\n\n\n<div class=\"wp-block-column is-layout-flow wp-block-column-is-layout-flow\">\n<div class=\"wp-block-group has-global-padding is-layout-constrained wp-block-group-is-layout-constrained has-background\" style=\"min-height:100%;background-image:url(&apos;https:\/\/adrienne-d.art\/wp-content\/uploads\/2025\/09\/ornament.jpeg&apos;);background-size:cover;\"><\/div>\n<\/div>\n<\/div>\n\n\n\n<div class=\"wp-block-group alignwide has-base-background-color has-background has-global-padding is-content-justification-left is-layout-constrained wp-container-core-group-is-layout-c1cd3b84 wp-block-group-is-layout-constrained\" style=\"padding-top:var(--wp--preset--spacing--30);padding-right:var(--wp--preset--spacing--30);padding-bottom:var(--wp--preset--spacing--30);padding-left:var(--wp--preset--spacing--30)\"><h2 class=\"wp-block-post-title\"><a href=\"https:\/\/adrienne-d.art\/fr\/event\/la-ou-la-nature-touche-le-nord\/\" target=\"_self\" >L\u00e0 o\u00f9 la nature touche le Nord<\/a><\/h2>\n\n<div class=\"wp-block-post-excerpt\"><p class=\"wp-block-post-excerpt__excerpt\">Du 18 avril au 25 mai la galerie \u00e0 Marke vous pr\u00e9sente une exposition c\u00e9ramique puissante o\u00f9 le Grand Nord et la nature constituent la source d&rsquo;inspiration centrale. Venez voir les artistes de premier plan qui montrent comment les paysages glac\u00e9s et la nature se traduisent en c\u00e9ramique contemporaine; abstraite, raffin\u00e9e et empreint\u00e9 de po\u00e9sie.\u2026 <\/p><\/div><\/div>\n<\/div>\n\n<\/li><li class=\"wp-block-post post-5058 event type-event status-publish hentry\">\n\n<div class=\"wp-block-group has-base-background-color has-background is-layout-flow wp-block-group-is-layout-flow\">\n<div class=\"wp-block-columns is-layout-flex wp-container-core-columns-is-layout-28f84493 wp-block-columns-is-layout-flex\">\n<div class=\"wp-block-column is-layout-flow wp-block-column-is-layout-flow\"><\/div>\n\n\n\n<div class=\"wp-block-column is-layout-flow wp-block-column-is-layout-flow\">\n<div class=\"wp-block-group has-global-padding is-layout-constrained wp-block-group-is-layout-constrained has-background\" style=\"min-height:100%;background-image:url(&apos;https:\/\/adrienne-d.art\/wp-content\/uploads\/2025\/09\/ornament.jpeg&apos;);background-size:cover;\"><\/div>\n<\/div>\n<\/div>\n\n\n\n<div class=\"wp-block-group alignwide has-base-background-color has-background has-global-padding is-content-justification-left is-layout-constrained wp-container-core-group-is-layout-c1cd3b84 wp-block-group-is-layout-constrained\" style=\"padding-top:var(--wp--preset--spacing--30);padding-right:var(--wp--preset--spacing--30);padding-bottom:var(--wp--preset--spacing--30);padding-left:var(--wp--preset--spacing--30)\"><h2 class=\"wp-block-post-title\"><a href=\"https:\/\/adrienne-d.art\/fr\/event\/affordable-art-fair-brussels-tours-taxis-from-4-8-feburary-2026\/\" target=\"_self\" >Affordable Art Fair Brussels (Tours &amp; Taxis) from 4-8 feburary 2026<\/a><\/h2>\n\n<div class=\"wp-block-post-excerpt\"><p class=\"wp-block-post-excerpt__excerpt\">Wednesday 4\/02: 17:00-22:00Thursday 5\/02: 14:00-21:30Friday 6\/02: 12:00-21:30Saturday 7\/02: 10:30-19:00Sunday 8\/02: 10:30-18:00 <\/p><\/div><\/div>\n<\/div>\n\n<\/li><li class=\"wp-block-post post-5054 event type-event status-publish has-post-thumbnail hentry\">\n\n<div class=\"wp-block-group has-base-background-color has-background is-layout-flow wp-block-group-is-layout-flow\">\n<div class=\"wp-block-columns is-layout-flex wp-container-core-columns-is-layout-28f84493 wp-block-columns-is-layout-flex\">\n<div class=\"wp-block-column is-layout-flow wp-block-column-is-layout-flow\"><figure class=\"wp-block-post-featured-image\"><a href=\"https:\/\/adrienne-d.art\/fr\/event\/affordable-art-fair-brussels-tours-taxis-du-4-au-8-fevrier-2026\/\" target=\"_self\"  ><img loading=\"lazy\" decoding=\"async\" width=\"1250\" height=\"833\" src=\"https:\/\/adrienne-d.art\/wp-content\/uploads\/2026\/01\/horizontal-banner-Affordable-Art-Fair-Brussels-2026.jpg\" class=\"attachment-post-thumbnail size-post-thumbnail wp-post-image\" alt=\"Affordable Art Fair Brussels  (Tours &amp; Taxis) &#8211; du 4 au 8 f\u00e9vrier 2026\" style=\"object-fit:cover;\" srcset=\"https:\/\/adrienne-d.art\/wp-content\/uploads\/2026\/01\/horizontal-banner-Affordable-Art-Fair-Brussels-2026.jpg 1250w, https:\/\/adrienne-d.art\/wp-content\/uploads\/2026\/01\/horizontal-banner-Affordable-Art-Fair-Brussels-2026-300x200.jpg 300w, https:\/\/adrienne-d.art\/wp-content\/uploads\/2026\/01\/horizontal-banner-Affordable-Art-Fair-Brussels-2026-1024x682.jpg 1024w, https:\/\/adrienne-d.art\/wp-content\/uploads\/2026\/01\/horizontal-banner-Affordable-Art-Fair-Brussels-2026-768x512.jpg 768w, https:\/\/adrienne-d.art\/wp-content\/uploads\/2026\/01\/horizontal-banner-Affordable-Art-Fair-Brussels-2026-600x400.jpg 600w\" sizes=\"auto, (max-width: 1250px) 100vw, 1250px\" \/><\/a><\/figure><\/div>\n\n\n\n<div class=\"wp-block-column is-layout-flow wp-block-column-is-layout-flow\">\n<div class=\"wp-block-group has-global-padding is-layout-constrained wp-block-group-is-layout-constrained has-background\" style=\"min-height:100%;background-image:url(&apos;https:\/\/adrienne-d.art\/wp-content\/uploads\/2025\/09\/ornament.jpeg&apos;);background-size:cover;\"><\/div>\n<\/div>\n<\/div>\n\n\n\n<div class=\"wp-block-group alignwide has-base-background-color has-background has-global-padding is-content-justification-left is-layout-constrained wp-container-core-group-is-layout-c1cd3b84 wp-block-group-is-layout-constrained\" style=\"padding-top:var(--wp--preset--spacing--30);padding-right:var(--wp--preset--spacing--30);padding-bottom:var(--wp--preset--spacing--30);padding-left:var(--wp--preset--spacing--30)\"><h2 class=\"wp-block-post-title\"><a href=\"https:\/\/adrienne-d.art\/fr\/event\/affordable-art-fair-brussels-tours-taxis-du-4-au-8-fevrier-2026\/\" target=\"_self\" >Affordable Art Fair Brussels  (Tours &amp; Taxis) &#8211; du 4 au 8 f\u00e9vrier 2026<\/a><\/h2>\n\n<div class=\"wp-block-post-excerpt\"><p class=\"wp-block-post-excerpt__excerpt\">Mercredi 4\/02: 17h-22hJeudi 5\/02: 14h-21h30Vendredi 6\/02: 12h-21h30Samedi 7\/02: 10h30-19hDimanche 8\/02: 10h30-18h <\/p><\/div><\/div>\n<\/div>\n\n<\/li><li class=\"wp-block-post post-3922 event type-event status-publish has-post-thumbnail hentry\">\n\n<div class=\"wp-block-group has-base-background-color has-background is-layout-flow wp-block-group-is-layout-flow\">\n<div class=\"wp-block-columns is-layout-flex wp-container-core-columns-is-layout-28f84493 wp-block-columns-is-layout-flex\">\n<div class=\"wp-block-column is-layout-flow wp-block-column-is-layout-flow\"><figure class=\"wp-block-post-featured-image\"><a href=\"https:\/\/adrienne-d.art\/fr\/event\/exposition-dautome\/\" target=\"_self\"  ><img loading=\"lazy\" decoding=\"async\" width=\"839\" height=\"885\" src=\"https:\/\/adrienne-d.art\/wp-content\/uploads\/2025\/09\/Screenshot-2025-09-24-at-19.27.29.png\" class=\"attachment-post-thumbnail size-post-thumbnail wp-post-image\" alt=\"Exposition d&rsquo;autome\" style=\"object-fit:cover;\" srcset=\"https:\/\/adrienne-d.art\/wp-content\/uploads\/2025\/09\/Screenshot-2025-09-24-at-19.27.29.png 839w, https:\/\/adrienne-d.art\/wp-content\/uploads\/2025\/09\/Screenshot-2025-09-24-at-19.27.29-284x300.png 284w, https:\/\/adrienne-d.art\/wp-content\/uploads\/2025\/09\/Screenshot-2025-09-24-at-19.27.29-768x810.png 768w, https:\/\/adrienne-d.art\/wp-content\/uploads\/2025\/09\/Screenshot-2025-09-24-at-19.27.29-300x316.png 300w, https:\/\/adrienne-d.art\/wp-content\/uploads\/2025\/09\/Screenshot-2025-09-24-at-19.27.29-600x633.png 600w\" sizes=\"auto, (max-width: 839px) 100vw, 839px\" \/><\/a><\/figure><\/div>\n\n\n\n<div class=\"wp-block-column is-layout-flow wp-block-column-is-layout-flow\">\n<div class=\"wp-block-group has-global-padding is-layout-constrained wp-block-group-is-layout-constrained has-background\" style=\"min-height:100%;background-image:url(&apos;https:\/\/adrienne-d.art\/wp-content\/uploads\/2025\/09\/ornament.jpeg&apos;);background-size:cover;\"><\/div>\n<\/div>\n<\/div>\n\n\n\n<div class=\"wp-block-group alignwide has-base-background-color has-background has-global-padding is-content-justification-left is-layout-constrained wp-container-core-group-is-layout-c1cd3b84 wp-block-group-is-layout-constrained\" style=\"padding-top:var(--wp--preset--spacing--30);padding-right:var(--wp--preset--spacing--30);padding-bottom:var(--wp--preset--spacing--30);padding-left:var(--wp--preset--spacing--30)\"><h2 class=\"wp-block-post-title\"><a href=\"https:\/\/adrienne-d.art\/fr\/event\/exposition-dautome\/\" target=\"_self\" >Exposition d&rsquo;autome<\/a><\/h2>\n\n<div class=\"wp-block-post-excerpt\"><p class=\"wp-block-post-excerpt__excerpt\"> <\/p><\/div><\/div>\n<\/div>\n\n<\/li><li class=\"wp-block-post post-4758 event type-event status-publish has-post-thumbnail hentry\">\n\n<div class=\"wp-block-group has-base-background-color has-background is-layout-flow wp-block-group-is-layout-flow\">\n<div class=\"wp-block-columns is-layout-flex wp-container-core-columns-is-layout-28f84493 wp-block-columns-is-layout-flex\">\n<div class=\"wp-block-column is-layout-flow wp-block-column-is-layout-flow\"><figure class=\"wp-block-post-featured-image\"><a href=\"https:\/\/adrienne-d.art\/fr\/event\/kortrijk-art-art-a-courtrai-le-24-25-26-octobre-2025\/\" target=\"_self\"  ><img loading=\"lazy\" decoding=\"async\" width=\"469\" height=\"568\" src=\"https:\/\/adrienne-d.art\/wp-content\/uploads\/2025\/09\/Screenshot-2025-09-29-at-18.41.24.png\" class=\"attachment-post-thumbnail size-post-thumbnail wp-post-image\" alt=\"Kortrijk Art (Art \u00e0 Courtrai) le 24-25-26 Octobre 2025\" style=\"object-fit:cover;\" srcset=\"https:\/\/adrienne-d.art\/wp-content\/uploads\/2025\/09\/Screenshot-2025-09-29-at-18.41.24.png 469w, https:\/\/adrienne-d.art\/wp-content\/uploads\/2025\/09\/Screenshot-2025-09-29-at-18.41.24-248x300.png 248w, https:\/\/adrienne-d.art\/wp-content\/uploads\/2025\/09\/Screenshot-2025-09-29-at-18.41.24-300x363.png 300w\" sizes=\"auto, (max-width: 469px) 100vw, 469px\" \/><\/a><\/figure><\/div>\n\n\n\n<div class=\"wp-block-column is-layout-flow wp-block-column-is-layout-flow\">\n<div class=\"wp-block-group has-global-padding is-layout-constrained wp-block-group-is-layout-constrained has-background\" style=\"min-height:100%;background-image:url(&apos;https:\/\/adrienne-d.art\/wp-content\/uploads\/2025\/09\/ornament.jpeg&apos;);background-size:cover;\"><\/div>\n<\/div>\n<\/div>\n\n\n\n<div class=\"wp-block-group alignwide has-base-background-color has-background has-global-padding is-content-justification-left is-layout-constrained wp-container-core-group-is-layout-c1cd3b84 wp-block-group-is-layout-constrained\" style=\"padding-top:var(--wp--preset--spacing--30);padding-right:var(--wp--preset--spacing--30);padding-bottom:var(--wp--preset--spacing--30);padding-left:var(--wp--preset--spacing--30)\"><h2 class=\"wp-block-post-title\"><a href=\"https:\/\/adrienne-d.art\/fr\/event\/kortrijk-art-art-a-courtrai-le-24-25-26-octobre-2025\/\" target=\"_self\" >Kortrijk Art (Art \u00e0 Courtrai) le 24-25-26 Octobre 2025<\/a><\/h2>\n\n<div class=\"wp-block-post-excerpt\"><p class=\"wp-block-post-excerpt__excerpt\">La galerie Adrienne D participe \u00e0 l&rsquo;\u00e9v\u00e9nement Kortrijk Art (Art \u00e0 Courtrai)Ouvert le vendredi, samedi et dimanche de 10h \u00e0 18h <\/p><\/div><\/div>\n<\/div>\n\n<\/li><\/ul>\n\n<nav class=\"wp-block-query-pagination is-layout-flex wp-block-query-pagination-is-layout-flex\" aria-label=\"Pagination\">\n\n\n<div class=\"wp-block-query-pagination-numbers\"><span aria-label=\"Page 1\" aria-current=\"page\" class=\"page-numbers current\">1<\/span>\n<a aria-label=\"Page 2\" class=\"page-numbers\" href=\"?query-21-page=2\">2<\/a>\n<a aria-label=\"Page 3\" class=\"page-numbers\" href=\"?query-21-page=3\">3<\/a>\n<a aria-label=\"Page 4\" class=\"page-numbers\" href=\"?query-21-page=4\">4<\/a><\/div>\n\n<a href=\"\/fr\/wp-json\/wp\/v2\/pages\/2357?query-21-page=2\" class=\"wp-block-query-pagination-next\">Page suivante<\/a>\n<\/nav>\n\n<\/div>\n","protected":false},"excerpt":{"rendered":"","protected":false},"author":1,"featured_media":0,"parent":0,"menu_order":0,"comment_status":"closed","ping_status":"closed","template":"","meta":{"_acf_changed":false,"footnotes":""},"class_list":["post-2357","page","type-page","status-publish","hentry"],"acf":[],"_links":{"self":[{"href":"https:\/\/adrienne-d.art\/fr\/wp-json\/wp\/v2\/pages\/2357","targetHints":{"allow":["GET"]}}],"collection":[{"href":"https:\/\/adrienne-d.art\/fr\/wp-json\/wp\/v2\/pages"}],"about":[{"href":"https:\/\/adrienne-d.art\/fr\/wp-json\/wp\/v2\/types\/page"}],"author":[{"embeddable":true,"href":"https:\/\/adrienne-d.art\/fr\/wp-json\/wp\/v2\/users\/1"}],"replies":[{"embeddable":true,"href":"https:\/\/adrienne-d.art\/fr\/wp-json\/wp\/v2\/comments?post=2357"}],"version-history":[{"count":5,"href":"https:\/\/adrienne-d.art\/fr\/wp-json\/wp\/v2\/pages\/2357\/revisions"}],"predecessor-version":[{"id":4769,"href":"https:\/\/adrienne-d.art\/fr\/wp-json\/wp\/v2\/pages\/2357\/revisions\/4769"}],"wp:attachment":[{"href":"https:\/\/adrienne-d.art\/fr\/wp-json\/wp\/v2\/media?parent=2357"}],"curies":[{"name":"wp","href":"https:\/\/api.w.org\/{rel}","templated":true}]}}