{"id":546,"date":"2023-11-07T19:06:02","date_gmt":"2023-11-07T19:06:02","guid":{"rendered":"https:\/\/adrienne-d-art.apache28.websrv.be\/546-2\/"},"modified":"2026-03-03T18:57:58","modified_gmt":"2026-03-03T18:57:58","slug":"546-2","status":"publish","type":"page","link":"https:\/\/adrienne-d.art\/fr\/","title":{"rendered":""},"content":{"rendered":"\n\n\n<div class=\"wp-block-columns alignwide is-layout-flex wp-container-core-columns-is-layout-28f84493 wp-block-columns-is-layout-flex\">\n<div class=\"wp-block-column is-layout-flow wp-block-column-is-layout-flow\" style=\"flex-basis:66.66%\">\n<div class=\"wp-block-group has-global-padding is-layout-constrained wp-block-group-is-layout-constrained\" style=\"padding-top:var(--wp--preset--spacing--30)\">\n<h2 class=\"wp-block-heading\">Galerie d&rsquo;art c\u00e9ramique contemporain <\/h2>\n\n\n\n<p>Notre regard est attir\u00e9 par les <strong>\u0153uvres spatiales en c\u00e9ramique<\/strong> qui ont un aspect abstrait <strong>architectural et d\u00e9coratif<\/strong>.\nNous recherchons des artistes nationaux et internationaux \u00e0 qui nous offrons une plateforme pour une plus grande renomm\u00e9e.<\/p>\n\n\n\n<p>Nous vous conseillons volontiers sur l&rsquo;int\u00e9gration d&rsquo;\u0153uvres d&rsquo;art dans votre int\u00e9rieur. Vous pouvez \u00e9galement vous adresser \u00e0 nous pour acheter <strong><a href=\"https:\/\/adrienne-d-art.apache28.websrv.be\/fr\/piedestaux\/\" data-type=\"page\" data-id=\"720\">des socles exclusifs<\/a><\/strong>.<\/p>\n\n\n\n<div class=\"wp-block-buttons is-layout-flex wp-block-buttons-is-layout-flex\">\n<div class=\"wp-block-button\"><a class=\"wp-block-button__link has-base-color has-text-color has-link-color wp-element-button\" href=\"https:\/\/adrienne-d-art.apache28.websrv.be\/fr\/boutique\/\" style=\"border-radius:30px\">Voir notre collection<\/a><\/div>\n<\/div>\n<\/div>\n\n\n\n<div style=\"height:40px\" aria-hidden=\"true\" class=\"wp-block-spacer\"><\/div>\n\n\n<\/div>\n\n\n\n<div class=\"wp-block-column is-layout-flow wp-block-column-is-layout-flow\" style=\"flex-basis:33.33%\">\n\t\t\t<div data-block-name=\"woocommerce\/featured-product\" data-dim-ratio=\"0\" data-edit-mode=\"false\" data-image-fit=\"cover\" class=\"wc-block-featured-product mrblsftprodblock alignnone wp-block-woocommerce-featured-product\" style=\"\">\n\t\t\t\t<div class=\"wc-block-featured-product__wrapper\">\n\t\t\t\t\t<div class=\"background-dim__overlay\" style=\"background-color: #000000\"><\/div>\n\t\t\t\t\t<div class=\"product_cat\"><a href=\"https:\/\/adrienne-d.art\/fr\/kunstenaars\/icaro-maiterena\/\" rel=\"tag\">\u00cdcaro Maiterena<\/a><\/div>\n\t\t\t\t\t<a href=\"https:\/\/adrienne-d.art\/fr\/collectie\/icaro-maiterena\/territoires-en-resistence-v\/\">\n\t\t\t\t\t\t<img loading=\"lazy\" decoding=\"async\" width=\"683\" height=\"1024\" src=\"https:\/\/adrienne-d.art\/wp-content\/uploads\/2025\/10\/galerij-shoot-32-683x1024.jpg\" class=\"attachment-large size-large\" alt=\"\" style=\"object-position: 50% 50%;\n        -o-object-position: 50% 50%;\n        width: 100%;\n        height: 100%;\n        object-fit: cover;\n        -o-object-fit: cover;\" srcset=\"https:\/\/adrienne-d.art\/wp-content\/uploads\/2025\/10\/galerij-shoot-32-683x1024.jpg 683w, https:\/\/adrienne-d.art\/wp-content\/uploads\/2025\/10\/galerij-shoot-32-200x300.jpg 200w, https:\/\/adrienne-d.art\/wp-content\/uploads\/2025\/10\/galerij-shoot-32-768x1152.jpg 768w, https:\/\/adrienne-d.art\/wp-content\/uploads\/2025\/10\/galerij-shoot-32-1024x1536.jpg 1024w, https:\/\/adrienne-d.art\/wp-content\/uploads\/2025\/10\/galerij-shoot-32-1365x2048.jpg 1365w, https:\/\/adrienne-d.art\/wp-content\/uploads\/2025\/10\/galerij-shoot-32-300x450.jpg 300w, https:\/\/adrienne-d.art\/wp-content\/uploads\/2025\/10\/galerij-shoot-32-600x900.jpg 600w, https:\/\/adrienne-d.art\/wp-content\/uploads\/2025\/10\/galerij-shoot-32-scaled.jpg 1707w\" sizes=\"auto, (max-width: 683px) 100vw, 683px\" \/>\n\t\t\t\t\t<\/a>\n\t\t\t\t<\/div>\n\t\t\t<\/div>\n\n\n<div class=\"wp-block-group has-global-padding is-layout-constrained wp-container-core-group-is-layout-1ba7d215 wp-block-group-is-layout-constrained\" style=\"padding-top:var(--wp--preset--spacing--30);padding-right:var(--wp--preset--spacing--30)\">\n<p>Nous organisons environ deux expositions par an. Un au printemps (avril-mai) et un \u00e0 l&rsquo;automne (sept-oct), \u00e0 Marke. <\/p>\n\n\n\n<p>Entre-temps, nous participons \u00e0 des foires d&rsquo;art et \u00e0 des \u00e9v\u00e9nements internationaux.<\/p>\n<\/div>\n<\/div>\n<\/div>\n\n\n\n<div class=\"wp-block-columns alignwide is-layout-flex wp-container-core-columns-is-layout-28f84493 wp-block-columns-is-layout-flex\">\n<div class=\"wp-block-column is-layout-flow wp-block-column-is-layout-flow\">\n<div class=\"wp-block-group has-global-padding is-layout-constrained wp-container-core-group-is-layout-ae62af00 wp-block-group-is-layout-constrained\" style=\"padding-top:0;padding-right:var(--wp--preset--spacing--30);padding-bottom:var(--wp--preset--spacing--30);padding-left:var(--wp--preset--spacing--30)\">\n<h2 class=\"wp-block-heading\">Adrienne D<\/h2>\n\n\n\n<p>Chantal et Guy partagent l&rsquo;amour de l&rsquo;art depuis 40 ans.\nC&rsquo;\u00e9tait un r\u00eave de longue date que de faire quelque chose de concret ensemble. Le concept de notre galerie d&rsquo;art est n\u00e9 en 2020 et s&rsquo;appelle <strong>Adrienne D.<\/strong><\/p>\n\n\n\n<div class=\"wp-block-buttons is-layout-flex wp-block-buttons-is-layout-flex\">\n<div class=\"wp-block-button\"><a class=\"wp-block-button__link has-base-color has-text-color has-link-color wp-element-button\" href=\"https:\/\/adrienne-d-art.apache28.websrv.be\/fr\/adrienne-d\/\" style=\"border-radius:30px\">En savoir plus sur Adrienne D<\/a><\/div>\n<\/div>\n<\/div>\n<\/div>\n\n\n\n<div class=\"wp-block-column is-layout-flow wp-block-column-is-layout-flow\">\n\t\t\t<div data-block-name=\"woocommerce\/featured-product\" data-dim-ratio=\"0\" data-edit-mode=\"false\" data-image-fit=\"cover\" class=\"wc-block-featured-product mrblsftprodblock alignnone wp-block-woocommerce-featured-product\" style=\"\">\n\t\t\t\t<div class=\"wc-block-featured-product__wrapper\">\n\t\t\t\t\t<div class=\"background-dim__overlay\" style=\"background-color: #000000\"><\/div>\n\t\t\t\t\t<div class=\"product_cat\"><a href=\"https:\/\/adrienne-d.art\/fr\/kunstenaars\/mette-maya-gregersen\/\" rel=\"tag\">Mette Maya Gregersen<\/a><\/div>\n\t\t\t\t\t<a href=\"https:\/\/adrienne-d.art\/fr\/collectie\/mette-maya-gregersen\/waves-details\/\">\n\t\t\t\t\t\t<img loading=\"lazy\" decoding=\"async\" width=\"683\" height=\"1024\" src=\"https:\/\/adrienne-d.art\/wp-content\/uploads\/2025\/09\/AD-30-683x1024.jpg\" class=\"attachment-large size-large\" alt=\"\" style=\"object-position: 50% 50%;\n        -o-object-position: 50% 50%;\n        width: 100%;\n        height: 100%;\n        object-fit: cover;\n        -o-object-fit: cover;\" srcset=\"https:\/\/adrienne-d.art\/wp-content\/uploads\/2025\/09\/AD-30-683x1024.jpg 683w, https:\/\/adrienne-d.art\/wp-content\/uploads\/2025\/09\/AD-30-200x300.jpg 200w, https:\/\/adrienne-d.art\/wp-content\/uploads\/2025\/09\/AD-30-768x1152.jpg 768w, https:\/\/adrienne-d.art\/wp-content\/uploads\/2025\/09\/AD-30-1024x1536.jpg 1024w, https:\/\/adrienne-d.art\/wp-content\/uploads\/2025\/09\/AD-30-1365x2048.jpg 1365w, https:\/\/adrienne-d.art\/wp-content\/uploads\/2025\/09\/AD-30-300x450.jpg 300w, https:\/\/adrienne-d.art\/wp-content\/uploads\/2025\/09\/AD-30-600x900.jpg 600w, https:\/\/adrienne-d.art\/wp-content\/uploads\/2025\/09\/AD-30-scaled.jpg 1707w\" sizes=\"auto, (max-width: 683px) 100vw, 683px\" \/>\n\t\t\t\t\t<\/a>\n\t\t\t\t<\/div>\n\t\t\t<\/div><\/div>\n\n\n\n<div class=\"wp-block-column is-layout-flow wp-block-column-is-layout-flow\">\n<figure class=\"wp-block-image size-full\"><img loading=\"lazy\" decoding=\"async\" width=\"500\" height=\"500\" src=\"https:\/\/adrienne-d-art.apache28.websrv.be\/wp-content\/uploads\/2023\/11\/20200914112257chantalguy_3-09-20_10-2.jpg\" alt=\"\" class=\"wp-image-283\" srcset=\"https:\/\/adrienne-d.art\/wp-content\/uploads\/2023\/11\/20200914112257chantalguy_3-09-20_10-2.jpg 500w, https:\/\/adrienne-d.art\/wp-content\/uploads\/2023\/11\/20200914112257chantalguy_3-09-20_10-2-300x300.jpg 300w, https:\/\/adrienne-d.art\/wp-content\/uploads\/2023\/11\/20200914112257chantalguy_3-09-20_10-2-100x100.jpg 100w, https:\/\/adrienne-d.art\/wp-content\/uploads\/2023\/11\/20200914112257chantalguy_3-09-20_10-2-150x150.jpg 150w\" sizes=\"auto, (max-width: 500px) 100vw, 500px\" \/><\/figure>\n<\/div>\n<\/div>\n\n\n\n<div class=\"wp-block-columns alignwide is-layout-flex wp-container-core-columns-is-layout-28f84493 wp-block-columns-is-layout-flex\">\n<div class=\"wp-block-column is-layout-flow wp-block-column-is-layout-flow\" style=\"flex-basis:66.66%\">\n\t\t\t<div data-block-name=\"woocommerce\/featured-product\" data-dim-ratio=\"0\" data-edit-mode=\"false\" data-image-fit=\"cover\" class=\"wc-block-featured-product mrblsftprodblock alignnone wp-block-woocommerce-featured-product\" style=\"\">\n\t\t\t\t<div class=\"wc-block-featured-product__wrapper\">\n\t\t\t\t\t<div class=\"background-dim__overlay\" style=\"background-color: #000000\"><\/div>\n\t\t\t\t\t<div class=\"product_cat\"><a href=\"https:\/\/adrienne-d.art\/fr\/kunstenaars\/claude-champy\/\" rel=\"tag\">Claude Champy<\/a><\/div>\n\t\t\t\t\t<a href=\"https:\/\/adrienne-d.art\/fr\/collectie\/claude-champy\/panneau-mural\/\">\n\t\t\t\t\t\t<img loading=\"lazy\" decoding=\"async\" width=\"1024\" height=\"683\" src=\"https:\/\/adrienne-d.art\/wp-content\/uploads\/2025\/09\/AD-57-Gemiddeld-1024x683.jpg\" class=\"attachment-large size-large\" alt=\"\" style=\"object-position: 50% 50%;\n        -o-object-position: 50% 50%;\n        width: 100%;\n        height: 100%;\n        object-fit: cover;\n        -o-object-fit: cover;\" srcset=\"https:\/\/adrienne-d.art\/wp-content\/uploads\/2025\/09\/AD-57-Gemiddeld-1024x683.jpg 1024w, https:\/\/adrienne-d.art\/wp-content\/uploads\/2025\/09\/AD-57-Gemiddeld-300x200.jpg 300w, https:\/\/adrienne-d.art\/wp-content\/uploads\/2025\/09\/AD-57-Gemiddeld-768x512.jpg 768w, https:\/\/adrienne-d.art\/wp-content\/uploads\/2025\/09\/AD-57-Gemiddeld-600x400.jpg 600w, https:\/\/adrienne-d.art\/wp-content\/uploads\/2025\/09\/AD-57-Gemiddeld.jpg 1152w\" sizes=\"auto, (max-width: 1024px) 100vw, 1024px\" \/>\n\t\t\t\t\t<\/a>\n\t\t\t\t<\/div>\n\t\t\t<\/div>\n\n\n<div class=\"wp-block-group has-global-padding is-layout-constrained wp-container-core-group-is-layout-ff778368 wp-block-group-is-layout-constrained\" style=\"padding-right:var(--wp--preset--spacing--30);padding-left:var(--wp--preset--spacing--30)\">\n<h2 class=\"wp-block-heading\">S&rsquo;abonner pour recevoir notre newsletter<\/h2>\n\n\n\n<div class=\"wp-block-buttons is-layout-flex wp-block-buttons-is-layout-flex\">\n<div class=\"wp-block-button\"><a class=\"wp-block-button__link has-base-color has-text-color has-link-color wp-element-button\" href=\"https:\/\/adrienne-d-art.apache28.websrv.be\/fr\/contact\/\" style=\"border-radius:30px\">S&rsquo;abonner<\/a><\/div>\n<\/div>\n<\/div>\n\n\n\n<div style=\"height:43px\" aria-hidden=\"true\" class=\"wp-block-spacer\"><\/div>\n<\/div>\n\n\n\n<div class=\"wp-block-column is-layout-flow wp-block-column-is-layout-flow\" style=\"flex-basis:33.33%\">\n<div class=\"wp-block-group has-global-padding is-layout-constrained wp-container-core-group-is-layout-ff778368 wp-block-group-is-layout-constrained\" style=\"padding-right:var(--wp--preset--spacing--30);padding-left:var(--wp--preset--spacing--30)\">\n<h2 class=\"wp-block-heading\">La galerie<\/h2>\n\n\n\n<p>La galerie d&rsquo;art permanente est situ\u00e9e <strong>Rekkemsestraat 145 \u00e0 8510 Marke (Courtrai)<\/strong>. Nous exposons \u00e9galement des \u0153uvres dans l&rsquo;ancienne bijouterie Buyse, qui est \u00e9galement la maison parentale de Chantal, sur la <strong>Grote Markt 13 \u00e0 8900 Ypres.<\/strong><\/p>\n\n\n\n<div style=\"height:31px\" aria-hidden=\"true\" class=\"wp-block-spacer\"><\/div>\n<\/div>\n\n\n\n\t\t\t<div data-block-name=\"woocommerce\/featured-product\" data-dim-ratio=\"0\" data-edit-mode=\"false\" data-image-fit=\"cover\" class=\"wc-block-featured-product mrblsftprodblock alignnone wp-block-woocommerce-featured-product\" style=\"\">\n\t\t\t\t<div class=\"wc-block-featured-product__wrapper\">\n\t\t\t\t\t<div class=\"background-dim__overlay\" style=\"background-color: #000000\"><\/div>\n\t\t\t\t\t<div class=\"product_cat\"><a href=\"https:\/\/adrienne-d.art\/fr\/kunstenaars\/jane-norbury\/\" rel=\"tag\">Jane Norbury<\/a><\/div>\n\t\t\t\t\t<a href=\"https:\/\/adrienne-d.art\/fr\/collectie\/jane-norbury\/walking-skin-18-march-moves\/\">\n\t\t\t\t\t\t<img loading=\"lazy\" decoding=\"async\" width=\"1024\" height=\"945\" src=\"https:\/\/adrienne-d.art\/wp-content\/uploads\/2024\/02\/WS18photo-JN2023b-1024x945.jpg\" class=\"attachment-large size-large\" alt=\"\" style=\"object-position: 72% 58%;\n        -o-object-position: 72% 58%;\n        width: 100%;\n        height: 100%;\n        object-fit: cover;\n        -o-object-fit: cover;\" srcset=\"https:\/\/adrienne-d.art\/wp-content\/uploads\/2024\/02\/WS18photo-JN2023b-1024x945.jpg 1024w, https:\/\/adrienne-d.art\/wp-content\/uploads\/2024\/02\/WS18photo-JN2023b-300x277.jpg 300w, https:\/\/adrienne-d.art\/wp-content\/uploads\/2024\/02\/WS18photo-JN2023b-768x708.jpg 768w, https:\/\/adrienne-d.art\/wp-content\/uploads\/2024\/02\/WS18photo-JN2023b-1536x1417.jpg 1536w, https:\/\/adrienne-d.art\/wp-content\/uploads\/2024\/02\/WS18photo-JN2023b-2048x1889.jpg 2048w, https:\/\/adrienne-d.art\/wp-content\/uploads\/2024\/02\/WS18photo-JN2023b-600x554.jpg 600w\" sizes=\"auto, (max-width: 1024px) 100vw, 1024px\" \/>\n\t\t\t\t\t<\/a>\n\t\t\t\t<\/div>\n\t\t\t<\/div><\/div>\n<\/div>\n","protected":false},"excerpt":{"rendered":"<p>D\u00e9couvrez ici tous les artistes participants \u00e0 l&rsquo;Affordable Art Fair 2026. Galerie d&rsquo;art c\u00e9ramique contemporain Notre regard est attir\u00e9 par les \u0153uvres spatiales en c\u00e9ramique qui ont un aspect abstrait architectural et d\u00e9coratif. Nous recherchons des artistes nationaux et internationaux \u00e0 qui nous offrons une plateforme pour une plus grande renomm\u00e9e. Nous vous conseillons volontiers [&hellip;]<\/p>\n","protected":false},"author":1,"featured_media":0,"parent":0,"menu_order":0,"comment_status":"closed","ping_status":"open","template":"","meta":{"_acf_changed":false,"footnotes":""},"class_list":["post-546","page","type-page","status-publish","hentry"],"acf":[],"_links":{"self":[{"href":"https:\/\/adrienne-d.art\/fr\/wp-json\/wp\/v2\/pages\/546","targetHints":{"allow":["GET"]}}],"collection":[{"href":"https:\/\/adrienne-d.art\/fr\/wp-json\/wp\/v2\/pages"}],"about":[{"href":"https:\/\/adrienne-d.art\/fr\/wp-json\/wp\/v2\/types\/page"}],"author":[{"embeddable":true,"href":"https:\/\/adrienne-d.art\/fr\/wp-json\/wp\/v2\/users\/1"}],"replies":[{"embeddable":true,"href":"https:\/\/adrienne-d.art\/fr\/wp-json\/wp\/v2\/comments?post=546"}],"version-history":[{"count":22,"href":"https:\/\/adrienne-d.art\/fr\/wp-json\/wp\/v2\/pages\/546\/revisions"}],"predecessor-version":[{"id":5434,"href":"https:\/\/adrienne-d.art\/fr\/wp-json\/wp\/v2\/pages\/546\/revisions\/5434"}],"wp:attachment":[{"href":"https:\/\/adrienne-d.art\/fr\/wp-json\/wp\/v2\/media?parent=546"}],"curies":[{"name":"wp","href":"https:\/\/api.w.org\/{rel}","templated":true}]}}