{"id":550,"date":"2023-11-08T19:06:08","date_gmt":"2023-11-08T19:06:08","guid":{"rendered":"https:\/\/adrienne-d-art.apache28.websrv.be\/adrienne-d\/"},"modified":"2023-12-29T13:58:30","modified_gmt":"2023-12-29T13:58:30","slug":"adrienne-d","status":"publish","type":"page","link":"https:\/\/adrienne-d.art\/fr\/adrienne-d\/","title":{"rendered":"Adrienne D"},"content":{"rendered":"\n<div class=\"wp-block-group alignwide is-nowrap is-layout-flex wp-container-core-group-is-layout-6c531013 wp-block-group-is-layout-flex\">\n<div class=\"wp-block-columns is-layout-flex wp-container-core-columns-is-layout-28f84493 wp-block-columns-is-layout-flex\">\n<div class=\"wp-block-column is-vertically-aligned-stretch has-white-background-color has-background is-layout-flow wp-block-column-is-layout-flow\" style=\"flex-basis:33.33%\">\n<figure data-wp-context=\"{&quot;imageId&quot;:&quot;69e89a8328b57&quot;}\" data-wp-interactive=\"core\/image\" data-wp-key=\"69e89a8328b57\" class=\"wp-block-image size-full wp-lightbox-container\"><img loading=\"lazy\" decoding=\"async\" width=\"500\" height=\"500\" data-wp-class--hide=\"state.isContentHidden\" data-wp-class--show=\"state.isContentVisible\" data-wp-init=\"callbacks.setButtonStyles\" data-wp-on--click=\"actions.showLightbox\" data-wp-on--load=\"callbacks.setButtonStyles\" data-wp-on-window--resize=\"callbacks.setButtonStyles\" src=\"https:\/\/adrienne-d-art.apache28.websrv.be\/wp-content\/uploads\/2023\/11\/20200701042234about-adrienne.jpeg\" alt=\"\" class=\"wp-image-195\" srcset=\"https:\/\/adrienne-d.art\/wp-content\/uploads\/2023\/11\/20200701042234about-adrienne.jpeg 500w, https:\/\/adrienne-d.art\/wp-content\/uploads\/2023\/11\/20200701042234about-adrienne-300x300.jpeg 300w, https:\/\/adrienne-d.art\/wp-content\/uploads\/2023\/11\/20200701042234about-adrienne-100x100.jpeg 100w, https:\/\/adrienne-d.art\/wp-content\/uploads\/2023\/11\/20200701042234about-adrienne-150x150.jpeg 150w\" sizes=\"auto, (max-width: 500px) 100vw, 500px\" \/><button\n\t\t\tclass=\"lightbox-trigger\"\n\t\t\ttype=\"button\"\n\t\t\taria-haspopup=\"dialog\"\n\t\t\taria-label=\"Agrandir\"\n\t\t\tdata-wp-init=\"callbacks.initTriggerButton\"\n\t\t\tdata-wp-on--click=\"actions.showLightbox\"\n\t\t\tdata-wp-style--right=\"state.imageButtonRight\"\n\t\t\tdata-wp-style--top=\"state.imageButtonTop\"\n\t\t>\n\t\t\t<svg xmlns=\"http:\/\/www.w3.org\/2000\/svg\" width=\"12\" height=\"12\" fill=\"none\" viewBox=\"0 0 12 12\">\n\t\t\t\t<path fill=\"#fff\" d=\"M2 0a2 2 0 0 0-2 2v2h1.5V2a.5.5 0 0 1 .5-.5h2V0H2Zm2 10.5H2a.5.5 0 0 1-.5-.5V8H0v2a2 2 0 0 0 2 2h2v-1.5ZM8 12v-1.5h2a.5.5 0 0 0 .5-.5V8H12v2a2 2 0 0 1-2 2H8Zm2-12a2 2 0 0 1 2 2v2h-1.5V2a.5.5 0 0 0-.5-.5H8V0h2Z\" \/>\n\t\t\t<\/svg>\n\t\t<\/button><\/figure>\n<\/div>\n\n\n\n<div class=\"wp-block-column is-vertically-aligned-stretch has-white-background-color has-background is-layout-flow wp-block-column-is-layout-flow\" style=\"flex-basis:66.66%\">\n<figure class=\"wp-block-pullquote has-text-align-center has-medium-font-size\"><blockquote><p>Le nom de ma grand-m\u00e8re, Adrienne Dupont, a inspir\u00e9 le nom de notre galerie.<\/p><cite>Chantal Buyse<\/cite><\/blockquote><\/figure>\n<\/div>\n<\/div>\n<\/div>\n\n<div class=\"wp-block-group alignwide is-nowrap is-layout-flex wp-container-core-group-is-layout-6c531013 wp-block-group-is-layout-flex\">\n<figure class=\"wp-block-image size-full\"><img loading=\"lazy\" decoding=\"async\" width=\"5223\" height=\"662\" src=\"https:\/\/adrienne-d-art.apache28.websrv.be\/wp-content\/uploads\/2023\/11\/about-banner-1.png\" alt=\"\" class=\"wp-image-212\" srcset=\"https:\/\/adrienne-d.art\/wp-content\/uploads\/2023\/11\/about-banner-1.png 5223w, https:\/\/adrienne-d.art\/wp-content\/uploads\/2023\/11\/about-banner-1-300x38.png 300w, https:\/\/adrienne-d.art\/wp-content\/uploads\/2023\/11\/about-banner-1-600x76.png 600w, https:\/\/adrienne-d.art\/wp-content\/uploads\/2023\/11\/about-banner-1-1024x130.png 1024w, https:\/\/adrienne-d.art\/wp-content\/uploads\/2023\/11\/about-banner-1-768x97.png 768w, https:\/\/adrienne-d.art\/wp-content\/uploads\/2023\/11\/about-banner-1-1536x195.png 1536w, https:\/\/adrienne-d.art\/wp-content\/uploads\/2023\/11\/about-banner-1-2048x260.png 2048w\" sizes=\"auto, (max-width: 5223px) 100vw, 5223px\" \/><\/figure>\n<\/div>\n\n<div class=\"wp-block-group alignwide has-white-background-color has-background has-global-padding is-layout-constrained wp-container-core-group-is-layout-80fb368b wp-block-group-is-layout-constrained\" style=\"padding-top:var(--wp--preset--spacing--30);padding-right:var(--wp--preset--spacing--30);padding-bottom:var(--wp--preset--spacing--30);padding-left:var(--wp--preset--spacing--30)\">\n<div class=\"wp-block-group alignwide is-nowrap is-layout-flex wp-container-core-group-is-layout-6c531013 wp-block-group-is-layout-flex\">\n<h3 class=\"wp-block-heading alignwide has-text-align-left\">Qui est Adrienne D ?<\/h3>\n<\/div>\n\n\n\n<div class=\"wp-block-group alignwide is-nowrap is-layout-flex wp-container-core-group-is-layout-6c531013 wp-block-group-is-layout-flex\">\n<div class=\"wp-block-columns is-layout-flex wp-container-core-columns-is-layout-28f84493 wp-block-columns-is-layout-flex\">\n<div class=\"wp-block-column is-layout-flow wp-block-column-is-layout-flow\">\n<p><strong>Chantal tient ses racines artistiques de sa grand-m\u00e8re, Adrienne Dupont<\/strong>, fille de l&rsquo;ancienne poterie industrielle Dupont \u00e0 Poperinge.<\/p>\n\n\n\n<p>L&rsquo;activit\u00e9 de l&rsquo;entreprise familiale remonte officiellement au XVIe si\u00e8cle. Cependant, des travaux de fondation ult\u00e9rieurs ont mis au jour des tessons de poterie datant du 14e si\u00e8cle.<\/p>\n<\/div>\n\n\n\n<div class=\"wp-block-column is-layout-flow wp-block-column-is-layout-flow\">\n<p><strong>Passionn\u00e9e de dessin et de peinture<\/strong> depuis l&rsquo;enfance, Chantal s&rsquo;est d\u00e9couvert une v\u00e9ritable passion pour la c\u00e9ramique il y a quelques ann\u00e9es.<\/p>\n\n\n\n<p>En se formant continuellement \u00e0 l&rsquo;Acad\u00e9mie des Beaux-Arts et en participant \u00e0 des ateliers avec des artistes renomm\u00e9s, Chantal souhaite s&rsquo;immerger dans la c\u00e9ramique contemporaine, apprendre \u00e0 conna\u00eetre les artistes personnellement, comprendre leurs techniques et partager ses connaissances sur le processus long et risqu\u00e9 qui va de la conception \u00e0 la r\u00e9alisation.<\/p>\n<\/div>\n<\/div>\n<\/div>\n<\/div>\n\n<div class=\"wp-block-group alignwide is-nowrap is-layout-flex wp-container-core-group-is-layout-6c531013 wp-block-group-is-layout-flex\">\n<figure class=\"wp-block-image size-full\"><img loading=\"lazy\" decoding=\"async\" width=\"1500\" height=\"850\" src=\"https:\/\/adrienne-d-art.apache28.websrv.be\/wp-content\/uploads\/2023\/11\/20200701042235about.jpeg\" alt=\"\" class=\"wp-image-207\" srcset=\"https:\/\/adrienne-d.art\/wp-content\/uploads\/2023\/11\/20200701042235about.jpeg 1500w, https:\/\/adrienne-d.art\/wp-content\/uploads\/2023\/11\/20200701042235about-300x170.jpeg 300w, https:\/\/adrienne-d.art\/wp-content\/uploads\/2023\/11\/20200701042235about-600x340.jpeg 600w, https:\/\/adrienne-d.art\/wp-content\/uploads\/2023\/11\/20200701042235about-1024x580.jpeg 1024w, https:\/\/adrienne-d.art\/wp-content\/uploads\/2023\/11\/20200701042235about-768x435.jpeg 768w\" sizes=\"auto, (max-width: 1500px) 100vw, 1500px\" \/><\/figure>\n<\/div>\n","protected":false},"excerpt":{"rendered":"<p>Le nom de ma grand-m\u00e8re, Adrienne Dupont, a inspir\u00e9 le nom de notre galerie. Chantal Buyse Qui est Adrienne D ? Chantal tient ses racines artistiques de sa grand-m\u00e8re, Adrienne Dupont, fille de l&rsquo;ancienne poterie industrielle Dupont \u00e0 Poperinge. L&rsquo;activit\u00e9 de l&rsquo;entreprise familiale remonte officiellement au XVIe si\u00e8cle. Cependant, des travaux de fondation ult\u00e9rieurs ont [&hellip;]<\/p>\n","protected":false},"author":1,"featured_media":0,"parent":0,"menu_order":0,"comment_status":"closed","ping_status":"closed","template":"","meta":{"_acf_changed":false,"footnotes":""},"class_list":["post-550","page","type-page","status-publish","hentry"],"acf":[],"_links":{"self":[{"href":"https:\/\/adrienne-d.art\/fr\/wp-json\/wp\/v2\/pages\/550","targetHints":{"allow":["GET"]}}],"collection":[{"href":"https:\/\/adrienne-d.art\/fr\/wp-json\/wp\/v2\/pages"}],"about":[{"href":"https:\/\/adrienne-d.art\/fr\/wp-json\/wp\/v2\/types\/page"}],"author":[{"embeddable":true,"href":"https:\/\/adrienne-d.art\/fr\/wp-json\/wp\/v2\/users\/1"}],"replies":[{"embeddable":true,"href":"https:\/\/adrienne-d.art\/fr\/wp-json\/wp\/v2\/comments?post=550"}],"version-history":[{"count":6,"href":"https:\/\/adrienne-d.art\/fr\/wp-json\/wp\/v2\/pages\/550\/revisions"}],"predecessor-version":[{"id":830,"href":"https:\/\/adrienne-d.art\/fr\/wp-json\/wp\/v2\/pages\/550\/revisions\/830"}],"wp:attachment":[{"href":"https:\/\/adrienne-d.art\/fr\/wp-json\/wp\/v2\/media?parent=550"}],"curies":[{"name":"wp","href":"https:\/\/api.w.org\/{rel}","templated":true}]}}