{"id":727,"date":"2023-12-22T14:54:31","date_gmt":"2023-12-22T14:54:31","guid":{"rendered":"https:\/\/adrienne-d-art.apache28.websrv.be\/piedestaux\/"},"modified":"2023-12-30T13:16:05","modified_gmt":"2023-12-30T13:16:05","slug":"piedestaux","status":"publish","type":"page","link":"https:\/\/adrienne-d.art\/fr\/piedestaux\/","title":{"rendered":"Pi\u00e9destaux"},"content":{"rendered":"\n<div class=\"wp-block-group alignwide has-base-background-color has-background is-content-justification-space-between is-nowrap is-layout-flex wp-container-core-group-is-layout-cb46ffcb wp-block-group-is-layout-flex\">\n<div class=\"wp-block-columns is-layout-flex wp-container-core-columns-is-layout-f3e73c6b wp-block-columns-is-layout-flex\" style=\"padding-top:var(--wp--preset--spacing--30);padding-right:var(--wp--preset--spacing--30);padding-bottom:var(--wp--preset--spacing--30);padding-left:var(--wp--preset--spacing--30)\">\n<div class=\"wp-block-column is-layout-flow wp-block-column-is-layout-flow\">\n<p>Une \u0153uvre d&rsquo;art est d&rsquo;autant mieux mise en valeur qu&rsquo;elle est pr\u00e9sent\u00e9e sur un beau pi\u00e9destal.<br\/>Lors de leur visite \u00e0 la galerie, les clients manifestent souvent leur int\u00e9r\u00eat pour l&rsquo;achat d&rsquo;un pi\u00e9destal sur lequel nous pr\u00e9sentons l&rsquo;\u0153uvre.<\/p>\n<\/div>\n\n\n\n<div class=\"wp-block-column is-layout-flow wp-block-column-is-layout-flow\">\n<p>C&rsquo;est pourquoi nous avons d\u00e9cid\u00e9 de proposer \u00e9galement des socles \u00e0 la vente.<br\/>Vous trouverez plus d&rsquo;informations sur nos pi\u00e9destaux ci-dessous.<\/p>\n<\/div>\n<\/div>\n<\/div>\n\n<div class=\"wp-block-group alignwide has-global-padding is-layout-constrained wp-block-group-is-layout-constrained\">\n<div class=\"wp-block-columns alignwide is-layout-flex wp-container-core-columns-is-layout-28f84493 wp-block-columns-is-layout-flex\">\n<div class=\"wp-block-column has-global-padding is-layout-constrained wp-block-column-is-layout-constrained\" style=\"flex-basis:33.33%\">\n<figure class=\"wp-block-image size-full\"><img loading=\"lazy\" decoding=\"async\" width=\"300\" height=\"375\" src=\"https:\/\/adrienne-d-art.apache28.websrv.be\/wp-content\/uploads\/2023\/11\/20200917055459ad_372-middel.jpg\" alt=\"\" class=\"wp-image-315\" style=\"object-fit:cover\" srcset=\"https:\/\/adrienne-d.art\/wp-content\/uploads\/2023\/11\/20200917055459ad_372-middel.jpg 300w, https:\/\/adrienne-d.art\/wp-content\/uploads\/2023\/11\/20200917055459ad_372-middel-240x300.jpg 240w\" sizes=\"auto, (max-width: 300px) 100vw, 300px\" \/><\/figure>\n<\/div>\n\n\n\n<div class=\"wp-block-column has-base-background-color has-background is-layout-flow wp-block-column-is-layout-flow\" style=\"padding-top:var(--wp--preset--spacing--30);padding-right:var(--wp--preset--spacing--30);padding-bottom:var(--wp--preset--spacing--30);padding-left:var(--wp--preset--spacing--30);flex-basis:66.66%\">\n<h4 class=\"wp-block-heading\">Pi\u00e9destal design exclusif pour Adrienne D<\/h4>\n\n\n\n<div class=\"wp-block-columns is-layout-flex wp-container-core-columns-is-layout-28f84493 wp-block-columns-is-layout-flex\">\n<div class=\"wp-block-column is-layout-flow wp-block-column-is-layout-flow\" style=\"flex-basis:66.66%\">\n<p>&#8211; Base m\u00e9tallique (acier)<br\/>&#8211; Soudures au sol<br\/>&#8211; 2 supports en haut pour soutenir le couvercle en MDF<br\/>  (Le couvercle mesure 8 cm de haut et semble flotter au-dessus du cadre.<br\/>  du socle)<br\/>&#8211; Laque transparente ou peinture mate blanche ou noire<br\/>&#8211; Couvercle en bois disponible en blanc ou en noir<br\/>&#8211; Utilisation en int\u00e9rieur uniquement<\/p>\n\n\n\n<p>Prix sur demande<\/p>\n<\/div>\n\n\n\n<div class=\"wp-block-column is-layout-flow wp-block-column-is-layout-flow\" style=\"flex-basis:33.33%\">\n<h5 class=\"wp-block-heading\">Sp\u00e9cifications :<\/h5>\n\n\n\n<p>L 40 x L 40 x H 100<br\/>L 45 x L 45 x H 100<br\/>L 70 x L 45 x H 90<\/p>\n\n\n\n<p>Autres dimensions sur demande<\/p>\n\n\n\n<div class=\"wp-block-buttons is-layout-flex wp-block-buttons-is-layout-flex\">\n<div class=\"wp-block-button\"><a class=\"wp-block-button__link has-base-color has-text-color has-link-color wp-element-button\" href=\"https:\/\/adrienne-d-art.apache28.websrv.be\/fr\/contact\/\">Contactez nous<\/a><\/div>\n<\/div>\n<\/div>\n<\/div>\n<\/div>\n<\/div>\n\n\n\n<div style=\"height:15px\" aria-hidden=\"true\" class=\"wp-block-spacer\"><\/div>\n<\/div>\n\n<div class=\"wp-block-group alignwide has-global-padding is-layout-constrained wp-block-group-is-layout-constrained\">\n<div class=\"wp-block-columns alignwide is-layout-flex wp-container-core-columns-is-layout-28f84493 wp-block-columns-is-layout-flex\">\n<div class=\"wp-block-column has-global-padding is-layout-constrained wp-block-column-is-layout-constrained\" style=\"flex-basis:33.33%\">\n<figure class=\"wp-block-image size-full\"><img loading=\"lazy\" decoding=\"async\" width=\"300\" height=\"375\" src=\"https:\/\/adrienne-d-art.apache28.websrv.be\/wp-content\/uploads\/2023\/11\/20200518045848sokkels_in_mdf.jpg\" alt=\"\" class=\"wp-image-316\" style=\"object-fit:cover\" srcset=\"https:\/\/adrienne-d.art\/wp-content\/uploads\/2023\/11\/20200518045848sokkels_in_mdf.jpg 300w, https:\/\/adrienne-d.art\/wp-content\/uploads\/2023\/11\/20200518045848sokkels_in_mdf-240x300.jpg 240w\" sizes=\"auto, (max-width: 300px) 100vw, 300px\" \/><\/figure>\n<\/div>\n\n\n\n<div class=\"wp-block-column has-base-background-color has-background is-layout-flow wp-block-column-is-layout-flow\" style=\"padding-top:var(--wp--preset--spacing--30);padding-right:var(--wp--preset--spacing--30);padding-bottom:var(--wp--preset--spacing--30);padding-left:var(--wp--preset--spacing--30);flex-basis:66.66%\">\n<h4 class=\"wp-block-heading\">Pi\u00e9destaux en MDF<\/h4>\n\n\n\n<div class=\"wp-block-columns is-layout-flex wp-container-core-columns-is-layout-28f84493 wp-block-columns-is-layout-flex\">\n<div class=\"wp-block-column is-layout-flow wp-block-column-is-layout-flow\" style=\"flex-basis:66.66%\">\n<p>&#8211; MDF de 16 mm d&rsquo;\u00e9paisseur, coll\u00e9 en onglet (aucun joint visible).<br\/>&#8211; Brillant r\u00e9sistant aux rayures, en blanc ou en noir.<br\/>&#8211; Disponible avec ou sans fond.<br\/>&#8211; Pour une utilisation \u00e0 l&rsquo;int\u00e9rieur uniquement.<\/p>\n\n\n\n<p>Prix sur demande<\/p>\n<\/div>\n\n\n\n<div class=\"wp-block-column is-layout-flow wp-block-column-is-layout-flow\" style=\"flex-basis:33.33%\">\n<h5 class=\"wp-block-heading\">Sp\u00e9cifications :<\/h5>\n\n\n\n<p>L 40 x L 40 x H 100<br\/>L 45 x L 45 x H 100<br\/>L 45 x L 60 x H 100<br\/>L 60 x L 80 x H 100<br\/>L 60 x L 60 x H 8 (sur roulettes)<\/p>\n\n\n\n<p>Autres dimensions sur demande<\/p>\n\n\n\n<div class=\"wp-block-buttons is-layout-flex wp-block-buttons-is-layout-flex\">\n<div class=\"wp-block-button\"><a class=\"wp-block-button__link has-base-color has-text-color has-link-color wp-element-button\" href=\"https:\/\/adrienne-d-art.apache28.websrv.be\/fr\/contact\/\">Contactez nous<\/a><\/div>\n<\/div>\n<\/div>\n<\/div>\n<\/div>\n<\/div>\n\n\n\n<div style=\"height:15px\" aria-hidden=\"true\" class=\"wp-block-spacer\"><\/div>\n<\/div>\n\n<div class=\"wp-block-group alignwide has-global-padding is-layout-constrained wp-block-group-is-layout-constrained\">\n<div class=\"wp-block-columns alignwide is-layout-flex wp-container-core-columns-is-layout-28f84493 wp-block-columns-is-layout-flex\">\n<div class=\"wp-block-column has-global-padding is-layout-constrained wp-block-column-is-layout-constrained\" style=\"flex-basis:33.33%\">\n<figure class=\"wp-block-image size-full\"><img loading=\"lazy\" decoding=\"async\" width=\"300\" height=\"375\" src=\"https:\/\/adrienne-d-art.apache28.websrv.be\/wp-content\/uploads\/2023\/11\/20200518045900sokkels_in_cortenstaal.jpg\" alt=\"\" class=\"wp-image-317\" style=\"object-fit:cover\" srcset=\"https:\/\/adrienne-d.art\/wp-content\/uploads\/2023\/11\/20200518045900sokkels_in_cortenstaal.jpg 300w, https:\/\/adrienne-d.art\/wp-content\/uploads\/2023\/11\/20200518045900sokkels_in_cortenstaal-240x300.jpg 240w\" sizes=\"auto, (max-width: 300px) 100vw, 300px\" \/><\/figure>\n<\/div>\n\n\n\n<div class=\"wp-block-column has-base-background-color has-background is-layout-flow wp-block-column-is-layout-flow\" style=\"padding-top:var(--wp--preset--spacing--30);padding-right:var(--wp--preset--spacing--30);padding-bottom:var(--wp--preset--spacing--30);padding-left:var(--wp--preset--spacing--30);flex-basis:66.66%\">\n<h4 class=\"wp-block-heading\">Pi\u00e9destaux en acier Corten<\/h4>\n\n\n\n<div class=\"wp-block-columns is-layout-flex wp-container-core-columns-is-layout-28f84493 wp-block-columns-is-layout-flex\">\n<div class=\"wp-block-column is-layout-flow wp-block-column-is-layout-flow\" style=\"flex-basis:66.66%\">\n<p>&#8211; Laqu\u00e9 noir.<br\/>&#8211; Pour une utilisation \u00e0 l&rsquo;int\u00e9rieur uniquement.<\/p>\n\n\n\n<p>Prix sur demande<\/p>\n<\/div>\n\n\n\n<div class=\"wp-block-column is-layout-flow wp-block-column-is-layout-flow\" style=\"flex-basis:33.33%\">\n<h5 class=\"wp-block-heading\">LES SP\u00c9CIFICATIONS :<\/h5>\n\n\n\n<p>L 40 x L 40 x H 100<br\/>L 45 x L 45 x H 100<br\/>L 70 x L 45 x H 90<\/p>\n\n\n\n<p>Autres dimensions sur demande<\/p>\n\n\n\n<div class=\"wp-block-buttons is-layout-flex wp-block-buttons-is-layout-flex\">\n<div class=\"wp-block-button\"><a class=\"wp-block-button__link has-base-color has-text-color has-link-color wp-element-button\" href=\"https:\/\/adrienne-d-art.apache28.websrv.be\/fr\/contact\/\">Contactez nous<\/a><\/div>\n<\/div>\n<\/div>\n<\/div>\n<\/div>\n<\/div>\n\n\n\n<div style=\"height:15px\" aria-hidden=\"true\" class=\"wp-block-spacer\"><\/div>\n<\/div>\n","protected":false},"excerpt":{"rendered":"<p>Une \u0153uvre d&rsquo;art est d&rsquo;autant mieux mise en valeur qu&rsquo;elle est pr\u00e9sent\u00e9e sur un beau pi\u00e9destal.Lors de leur visite \u00e0 la galerie, les clients manifestent souvent leur int\u00e9r\u00eat pour l&rsquo;achat d&rsquo;un pi\u00e9destal sur lequel nous pr\u00e9sentons l&rsquo;\u0153uvre. C&rsquo;est pourquoi nous avons d\u00e9cid\u00e9 de proposer \u00e9galement des socles \u00e0 la vente.Vous trouverez plus d&rsquo;informations sur nos [&hellip;]<\/p>\n","protected":false},"author":1,"featured_media":0,"parent":0,"menu_order":0,"comment_status":"closed","ping_status":"closed","template":"","meta":{"_acf_changed":false,"footnotes":""},"class_list":["post-727","page","type-page","status-publish","hentry"],"acf":[],"_links":{"self":[{"href":"https:\/\/adrienne-d.art\/fr\/wp-json\/wp\/v2\/pages\/727","targetHints":{"allow":["GET"]}}],"collection":[{"href":"https:\/\/adrienne-d.art\/fr\/wp-json\/wp\/v2\/pages"}],"about":[{"href":"https:\/\/adrienne-d.art\/fr\/wp-json\/wp\/v2\/types\/page"}],"author":[{"embeddable":true,"href":"https:\/\/adrienne-d.art\/fr\/wp-json\/wp\/v2\/users\/1"}],"replies":[{"embeddable":true,"href":"https:\/\/adrienne-d.art\/fr\/wp-json\/wp\/v2\/comments?post=727"}],"version-history":[{"count":4,"href":"https:\/\/adrienne-d.art\/fr\/wp-json\/wp\/v2\/pages\/727\/revisions"}],"predecessor-version":[{"id":863,"href":"https:\/\/adrienne-d.art\/fr\/wp-json\/wp\/v2\/pages\/727\/revisions\/863"}],"wp:attachment":[{"href":"https:\/\/adrienne-d.art\/fr\/wp-json\/wp\/v2\/media?parent=727"}],"curies":[{"name":"wp","href":"https:\/\/api.w.org\/{rel}","templated":true}]}}